{"id":4617,"date":"2022-10-10T15:21:31","date_gmt":"2022-10-10T13:21:31","guid":{"rendered":"https:\/\/checkpoint-bln.de\/fiyat-listesi\/"},"modified":"2022-10-10T15:21:33","modified_gmt":"2022-10-10T13:21:33","slug":"fiyat-listesi","status":"publish","type":"page","link":"https:\/\/checkpoint-bln.de\/tr\/fiyat-listesi\/","title":{"rendered":"Fiyat listesi"},"content":{"rendered":"<p>[et_pb_section fb_built=&#8221;1&#8243; _builder_version=&#8221;3.22&#8243;][et_pb_row column_structure=&#8221;1_2,1_2&#8243; _builder_version=&#8221;3.25&#8243; background_size=&#8221;initial&#8221; background_position=&#8221;top_left&#8221; background_repeat=&#8221;repeat&#8221;][et_pb_column type=&#8221;1_2&#8243; _builder_version=&#8221;3.25&#8243; custom_padding=&#8221;|||&#8221; custom_padding__hover=&#8221;|||&#8221;][et_pb_text _builder_version=&#8221;4.0.6&#8243;]<\/p>\n<h1>Fiyat listesi<\/h1>\n<p>[\/et_pb_text][et_pb_text _builder_version=&#8221;4.0.6&#8243; hover_enabled=&#8221;0&#8243;]<\/p>\n<h2>Bir defal\u0131k test<\/h2>\n<table height=\"277\">\n<tbody>\n<tr>\n<td style=\"width: 395.333px;\">\n<p>HIV h\u0131zl\u0131 testi<\/p>\n<\/td>\n<td style=\"width: 115.667px;\">\n<p>15 \u20ac<\/p>\n<\/td>\n<\/tr>\n<tr>\n<td style=\"width: 395.333px;\">\n<p>HIV laboratuvar testi<\/p>\n<\/td>\n<td style=\"width: 115.667px;\">\n<p>10 \u20ac<\/p>\n<\/td>\n<\/tr>\n<tr>\n<td style=\"width: 395.333px;\">\n<p>Frengi (Sifiliz) h\u0131zl\u0131 testi<\/p>\n<\/td>\n<td style=\"width: 115.667px;\">\n<p>5 \u20ac<\/p>\n<\/td>\n<\/tr>\n<tr>\n<td style=\"width: 395.333px;\">\n<p>Frengi (Sifiliz) laboratuvar testi<\/p>\n<\/td>\n<td style=\"width: 115.667px;\">\n<p>5 \u20ac<\/p>\n<\/td>\n<\/tr>\n<tr>\n<td style=\"width: 395.333px;\">\n<p>Hepatit C h\u0131zl\u0131 testi<\/p>\n<\/td>\n<td style=\"width: 115.667px;\">\n<p>15 \u20ac<\/p>\n<\/td>\n<\/tr>\n<tr>\n<td style=\"width: 395.333px;\">\n<p>Hepatit C labaratuvar testi<\/p>\n<\/td>\n<td style=\"width: 115.667px;\">\n<p>10 \u20ac<\/p>\n<\/td>\n<\/tr>\n<tr>\n<td style=\"width: 395.333px;\">\n<p>Bu testlerin kombinasyonlar\u0131<\/p>\n<\/td>\n<td style=\"width: 115.667px;\">\n<p>15 \u20ac<\/p>\n<\/td>\n<\/tr>\n<\/tbody>\n<\/table>\n<p>[\/et_pb_text][et_pb_text _builder_version=&#8221;4.0.6&#8243; hover_enabled=&#8221;0&#8243;]<\/p>\n<h2>Ek testler<\/h2>\n<table height=\"277\">\n<tbody>\n<tr>\n<td style=\"width: 395.333px;\">\n<p>\u0130kinci HIV testi<\/p>\n<\/td>\n<td style=\"width: 115.667px;\">\n<p>10 \u20ac<\/p>\n<\/td>\n<\/tr>\n<tr>\n<td style=\"width: 395.333px;\">\n<p>Dokudan salg\u0131 \u00f6rne\u011fi almak<\/p>\n<\/td>\n<td style=\"width: 115.667px;\">\n<p>10 \u20ac<\/p>\n<\/td>\n<\/tr>\n<tr>\n<td style=\"width: 395.333px;\">\n<p>HIV PCR<\/p>\n<\/td>\n<td style=\"width: 115.667px;\">\n<p>30 \u20ac<\/p>\n<\/td>\n<\/tr>\n<tr>\n<td style=\"width: 395.333px;\">\n<p>Lenfosit ayr\u0131\u015ft\u0131rma<\/p>\n<\/td>\n<td style=\"width: 115.667px;\">\n<p>45 \u20ac<\/p>\n<\/td>\n<\/tr>\n<tr>\n<td style=\"width: 395.333px;\">\n<p>Hepatit A a\u015f\u0131s\u0131<\/p>\n<\/td>\n<td style=\"width: 115.667px;\">\n<p>5 \u20ac<\/p>\n<\/td>\n<\/tr>\n<tr>\n<td style=\"width: 395.333px;\">\n<p>Hep B a\u015f\u0131s\u0131<\/p>\n<\/td>\n<td style=\"width: 115.667px;\">\n<p>15 \u20ac<\/p>\n<\/td>\n<\/tr>\n<\/tbody>\n<\/table>\n<p>[\/et_pb_text][et_pb_text _builder_version=&#8221;4.0.6&#8243; hover_enabled=&#8221;0&#8243;]<\/p>\n<h2>Minimal PrEP ba\u015flang\u0131\u00e7 \u200b\u200bpaketi<\/h2>\n<table height=\"277\">\n<tbody>\n<tr>\n<td style=\"width: 395.333px;\">\n<p>HIV, Frengi (Sifiliz), Hepatit B, Bel so\u011fuklu\u011fu ve Klamidya testi;<\/p>\n<p>karaci\u011fer de\u011ferleri (GOT\/GPT);<br \/>B\u00f6brek De\u011ferleri (CREA\/GFR)<\/p>\n<p>Kan testi<\/p>\n<\/td>\n<td style=\"width: 115.667px;\">45 \u20ac<\/td>\n<\/tr>\n<\/tbody>\n<\/table>\n<p>[\/et_pb_text][et_pb_text _builder_version=&#8221;4.0.6&#8243; hover_enabled=&#8221;0&#8243;]<\/p>\n<h2>Ileri seviyede PrEP Ba\u015flang\u0131\u00e7 \u200b\u200bPaketi<\/h2>\n<table height=\"277\">\n<tbody>\n<tr>\n<td style=\"width: 395.333px;\">\n<p>HIV, Frengi (Sifiliz), Hepatit B, Bel so\u011fuklu\u011fu ve Klamidya testi;<\/p>\n<p>karaci\u011fer de\u011ferleri (GOT\/GPT); <br \/>B\u00f6brek De\u011ferleri (CREA\/GFR)<br \/> Kan testi<\/p>\n<p>A\u015f\u0131 korumas\u0131n\u0131n kontrol edilmesi<br \/> (Anti-HBsAK &amp; Anti-HBcAK)<br \/> Hepatit A &amp; C antikor testleri<\/p>\n<\/td>\n<td style=\"width: 115.667px;\">60 \u20ac<\/td>\n<\/tr>\n<\/tbody>\n<\/table>\n<p>[\/et_pb_text][et_pb_text _builder_version=&#8221;4.0.6&#8243; hover_enabled=&#8221;0&#8243;]<\/p>\n<h2>PrEP-Kontrol\u00fc<\/h2>\n<table height=\"277\">\n<tbody>\n<tr>\n<td style=\"width: 395.333px;\">\n<p>HIV, sifiliz, bel so\u011fuklu\u011fu ve klamidya testi;<\/p>\n<p>karaci\u011fer de\u011ferleri (GOT\/GPT);<br \/> B\u00f6brek De\u011ferleri (CREA\/GFR)<\/p>\n<p>Kan testi<\/p>\n<\/td>\n<td style=\"width: 115.667px;\">\n<p>35 \u20ac<\/p>\n<\/td>\n<\/tr>\n<\/tbody>\n<\/table>\n<p>[\/et_pb_text][\/et_pb_column][et_pb_column type=&#8221;1_2&#8243; _builder_version=&#8221;3.25&#8243; custom_padding=&#8221;|||&#8221; custom_padding__hover=&#8221;|||&#8221;][\/et_pb_column][\/et_pb_row][\/et_pb_section]<\/p>\n","protected":false},"excerpt":{"rendered":"<p>Fiyat listesiBir defal\u0131k test HIV h\u0131zl\u0131 testi 15 \u20ac HIV laboratuvar testi 10 \u20ac Frengi (Sifiliz) h\u0131zl\u0131 testi 5 \u20ac Frengi (Sifiliz) laboratuvar testi 5 \u20ac Hepatit C h\u0131zl\u0131 testi 15 \u20ac Hepatit C labaratuvar testi 10 \u20ac Bu testlerin kombinasyonlar\u0131 15 \u20ac Ek testler \u0130kinci HIV testi 10 \u20ac Dokudan salg\u0131 \u00f6rne\u011fi almak 10 [&hellip;]<\/p>\n","protected":false},"author":1,"featured_media":0,"parent":0,"menu_order":0,"comment_status":"closed","ping_status":"closed","template":"","meta":{"_et_pb_use_builder":"on","_et_pb_old_content":"","_et_gb_content_width":"","footnotes":""},"class_list":["post-4617","page","type-page","status-publish","hentry"],"yoast_head":"<!-- This site is optimized with the Yoast SEO plugin v27.4 - https:\/\/yoast.com\/product\/yoast-seo-wordpress\/ -->\n<title>Fiyat listesi - Checkpoint BLN<\/title>\n<meta name=\"robots\" content=\"index, follow, max-snippet:-1, max-image-preview:large, max-video-preview:-1\" \/>\n<link rel=\"canonical\" href=\"https:\/\/checkpoint-bln.de\/tr\/fiyat-listesi\/\" \/>\n<meta property=\"og:locale\" content=\"tr_TR\" \/>\n<meta property=\"og:type\" content=\"article\" \/>\n<meta property=\"og:title\" content=\"Fiyat listesi - Checkpoint BLN\" \/>\n<meta property=\"og:description\" content=\"Fiyat listesiBir defal\u0131k test HIV h\u0131zl\u0131 testi 15 \u20ac HIV laboratuvar testi 10 \u20ac Frengi (Sifiliz) h\u0131zl\u0131 testi 5 \u20ac Frengi (Sifiliz) laboratuvar testi 5 \u20ac Hepatit C h\u0131zl\u0131 testi 15 \u20ac Hepatit C labaratuvar testi 10 \u20ac Bu testlerin kombinasyonlar\u0131 15 \u20ac Ek testler \u0130kinci HIV testi 10 \u20ac Dokudan salg\u0131 \u00f6rne\u011fi almak 10 [&hellip;]\" \/>\n<meta property=\"og:url\" content=\"https:\/\/checkpoint-bln.de\/tr\/fiyat-listesi\/\" \/>\n<meta property=\"og:site_name\" content=\"Checkpoint BLN\" \/>\n<meta property=\"article:modified_time\" content=\"2022-10-10T13:21:33+00:00\" \/>\n<meta name=\"twitter:card\" content=\"summary_large_image\" \/>\n<meta name=\"twitter:label1\" content=\"Tahmini okuma s\u00fcresi\" \/>\n\t<meta name=\"twitter:data1\" content=\"1 dakika\" \/>\n<script type=\"application\/ld+json\" class=\"yoast-schema-graph\">{\"@context\":\"https:\\\/\\\/schema.org\",\"@graph\":[{\"@type\":\"WebPage\",\"@id\":\"https:\\\/\\\/checkpoint-bln.de\\\/tr\\\/fiyat-listesi\\\/\",\"url\":\"https:\\\/\\\/checkpoint-bln.de\\\/tr\\\/fiyat-listesi\\\/\",\"name\":\"Fiyat listesi - Checkpoint BLN\",\"isPartOf\":{\"@id\":\"https:\\\/\\\/checkpoint-bln.de\\\/tr\\\/#website\"},\"datePublished\":\"2022-10-10T13:21:31+00:00\",\"dateModified\":\"2022-10-10T13:21:33+00:00\",\"breadcrumb\":{\"@id\":\"https:\\\/\\\/checkpoint-bln.de\\\/tr\\\/fiyat-listesi\\\/#breadcrumb\"},\"inLanguage\":\"tr\",\"potentialAction\":[{\"@type\":\"ReadAction\",\"target\":[\"https:\\\/\\\/checkpoint-bln.de\\\/tr\\\/fiyat-listesi\\\/\"]}]},{\"@type\":\"BreadcrumbList\",\"@id\":\"https:\\\/\\\/checkpoint-bln.de\\\/tr\\\/fiyat-listesi\\\/#breadcrumb\",\"itemListElement\":[{\"@type\":\"ListItem\",\"position\":1,\"name\":\"Startseite\",\"item\":\"https:\\\/\\\/checkpoint-bln.de\\\/tr\\\/ana-sayfa\\\/\"},{\"@type\":\"ListItem\",\"position\":2,\"name\":\"Fiyat listesi\"}]},{\"@type\":\"WebSite\",\"@id\":\"https:\\\/\\\/checkpoint-bln.de\\\/tr\\\/#website\",\"url\":\"https:\\\/\\\/checkpoint-bln.de\\\/tr\\\/\",\"name\":\"Checkpoint BLN\",\"description\":\"\",\"publisher\":{\"@id\":\"https:\\\/\\\/checkpoint-bln.de\\\/tr\\\/#organization\"},\"inLanguage\":\"tr\"},{\"@type\":\"Organization\",\"@id\":\"https:\\\/\\\/checkpoint-bln.de\\\/tr\\\/#organization\",\"name\":\"Checkpoint BLN\",\"url\":\"https:\\\/\\\/checkpoint-bln.de\\\/tr\\\/\",\"logo\":{\"@type\":\"ImageObject\",\"inLanguage\":\"tr\",\"@id\":\"https:\\\/\\\/checkpoint-bln.de\\\/tr\\\/#\\\/schema\\\/logo\\\/image\\\/\",\"url\":\"https:\\\/\\\/checkpoint-bln.de\\\/wp-content\\\/uploads\\\/2018\\\/12\\\/logo_512@2x.png\",\"contentUrl\":\"https:\\\/\\\/checkpoint-bln.de\\\/wp-content\\\/uploads\\\/2018\\\/12\\\/logo_512@2x.png\",\"width\":1024,\"height\":436,\"caption\":\"Checkpoint BLN\"},\"image\":{\"@id\":\"https:\\\/\\\/checkpoint-bln.de\\\/tr\\\/#\\\/schema\\\/logo\\\/image\\\/\"}}]}<\/script>\n<!-- \/ Yoast SEO plugin. -->","yoast_head_json":{"title":"Fiyat listesi - Checkpoint BLN","robots":{"index":"index","follow":"follow","max-snippet":"max-snippet:-1","max-image-preview":"max-image-preview:large","max-video-preview":"max-video-preview:-1"},"canonical":"https:\/\/checkpoint-bln.de\/tr\/fiyat-listesi\/","og_locale":"tr_TR","og_type":"article","og_title":"Fiyat listesi - Checkpoint BLN","og_description":"Fiyat listesiBir defal\u0131k test HIV h\u0131zl\u0131 testi 15 \u20ac HIV laboratuvar testi 10 \u20ac Frengi (Sifiliz) h\u0131zl\u0131 testi 5 \u20ac Frengi (Sifiliz) laboratuvar testi 5 \u20ac Hepatit C h\u0131zl\u0131 testi 15 \u20ac Hepatit C labaratuvar testi 10 \u20ac Bu testlerin kombinasyonlar\u0131 15 \u20ac Ek testler \u0130kinci HIV testi 10 \u20ac Dokudan salg\u0131 \u00f6rne\u011fi almak 10 [&hellip;]","og_url":"https:\/\/checkpoint-bln.de\/tr\/fiyat-listesi\/","og_site_name":"Checkpoint BLN","article_modified_time":"2022-10-10T13:21:33+00:00","twitter_card":"summary_large_image","twitter_misc":{"Tahmini okuma s\u00fcresi":"1 dakika"},"schema":{"@context":"https:\/\/schema.org","@graph":[{"@type":"WebPage","@id":"https:\/\/checkpoint-bln.de\/tr\/fiyat-listesi\/","url":"https:\/\/checkpoint-bln.de\/tr\/fiyat-listesi\/","name":"Fiyat listesi - Checkpoint BLN","isPartOf":{"@id":"https:\/\/checkpoint-bln.de\/tr\/#website"},"datePublished":"2022-10-10T13:21:31+00:00","dateModified":"2022-10-10T13:21:33+00:00","breadcrumb":{"@id":"https:\/\/checkpoint-bln.de\/tr\/fiyat-listesi\/#breadcrumb"},"inLanguage":"tr","potentialAction":[{"@type":"ReadAction","target":["https:\/\/checkpoint-bln.de\/tr\/fiyat-listesi\/"]}]},{"@type":"BreadcrumbList","@id":"https:\/\/checkpoint-bln.de\/tr\/fiyat-listesi\/#breadcrumb","itemListElement":[{"@type":"ListItem","position":1,"name":"Startseite","item":"https:\/\/checkpoint-bln.de\/tr\/ana-sayfa\/"},{"@type":"ListItem","position":2,"name":"Fiyat listesi"}]},{"@type":"WebSite","@id":"https:\/\/checkpoint-bln.de\/tr\/#website","url":"https:\/\/checkpoint-bln.de\/tr\/","name":"Checkpoint BLN","description":"","publisher":{"@id":"https:\/\/checkpoint-bln.de\/tr\/#organization"},"inLanguage":"tr"},{"@type":"Organization","@id":"https:\/\/checkpoint-bln.de\/tr\/#organization","name":"Checkpoint BLN","url":"https:\/\/checkpoint-bln.de\/tr\/","logo":{"@type":"ImageObject","inLanguage":"tr","@id":"https:\/\/checkpoint-bln.de\/tr\/#\/schema\/logo\/image\/","url":"https:\/\/checkpoint-bln.de\/wp-content\/uploads\/2018\/12\/logo_512@2x.png","contentUrl":"https:\/\/checkpoint-bln.de\/wp-content\/uploads\/2018\/12\/logo_512@2x.png","width":1024,"height":436,"caption":"Checkpoint BLN"},"image":{"@id":"https:\/\/checkpoint-bln.de\/tr\/#\/schema\/logo\/image\/"}}]}},"_links":{"self":[{"href":"https:\/\/checkpoint-bln.de\/tr\/wp-json\/wp\/v2\/pages\/4617","targetHints":{"allow":["GET"]}}],"collection":[{"href":"https:\/\/checkpoint-bln.de\/tr\/wp-json\/wp\/v2\/pages"}],"about":[{"href":"https:\/\/checkpoint-bln.de\/tr\/wp-json\/wp\/v2\/types\/page"}],"author":[{"embeddable":true,"href":"https:\/\/checkpoint-bln.de\/tr\/wp-json\/wp\/v2\/users\/1"}],"replies":[{"embeddable":true,"href":"https:\/\/checkpoint-bln.de\/tr\/wp-json\/wp\/v2\/comments?post=4617"}],"version-history":[{"count":0,"href":"https:\/\/checkpoint-bln.de\/tr\/wp-json\/wp\/v2\/pages\/4617\/revisions"}],"wp:attachment":[{"href":"https:\/\/checkpoint-bln.de\/tr\/wp-json\/wp\/v2\/media?parent=4617"}],"curies":[{"name":"wp","href":"https:\/\/api.w.org\/{rel}","templated":true}]}}